{"id":111,"date":"2026-01-22T15:34:49","date_gmt":"2026-01-22T14:34:49","guid":{"rendered":"https:\/\/www.ddgv.com\/?page_id=111"},"modified":"2026-02-07T09:57:39","modified_gmt":"2026-02-07T08:57:39","slug":"site-en-reconstruction","status":"publish","type":"page","link":"https:\/\/www.ddgv.com\/","title":{"rendered":"Bienvenue sur le site du Domaine des grandes vignes"},"content":{"rendered":"\n<p>&nbsp; <\/p>\n\n\n\n<p>Petite exploitation familiale de 12 Hectares situ\u00e9e sur la Colline de Brouilly en plein c\u0153ur du Beaujolais.<\/p>\n\n\n\n<p>Famille de vigneron depuis quatre g\u00e9n\u00e9rations attach\u00e9e aux valeurs et aux traditions, travail de la vigne, vendanges exclusivement manuelles avec tri sur table, vinification traditionnelle, \u00e9levage et conditionnement au domaine.<\/p>\n\n\n\n<p>Depuis le mill\u00e9sime 2019, HVE &#8211; Haute Valeur Environnementale, en culture raisonn\u00e9e depuis bien plus longtemps.<\/p>\n\n\n\n<p>Vous trouverez sur ce site :<\/p>\n\n\n\n<ul class=\"wp-block-list\">\n<li>Les actualit\u00e9s du domaine. Ayant effectu\u00e9 une mauvaise manipulation, seulement depuis 2026.<\/li>\n\n\n\n<li>La pr\u00e9sentation du domaine, historique, les r\u00e9seaux sociaux, comment me contacter et les informations l\u00e9gales.<\/li>\n\n\n\n<li>La pr\u00e9sentation de mes vins, Beaujolais-Quinci\u00e9, R\u00e9gni\u00e9, Brouilly, C\u00f4te de Brouilly, Morgon et Moulin \u00e0 Vent.<\/li>\n\n\n\n<li>Le tarif de mes vins.<\/li>\n\n\n\n<li>Ou dormir si vous passer me voir.<\/li>\n\n\n\n<li>Chez qui vous pouvez trouver mes vins.<\/li>\n\n\n\n<li>Les endroits ou je vais en livraison ou pour faire des d\u00e9gustation.<\/li>\n<\/ul>\n\n\n\n<p>Belle visite,<\/p>\n\n\n\n<p>Herv\u00e9 NESME.<\/p>\n","protected":false},"excerpt":{"rendered":"<p>&nbsp; Petite exploitation familiale de 12 Hectares situ\u00e9e sur la Colline de Brouilly en plein c\u0153ur du Beaujolais. Famille de [&hellip;]<\/p>\n","protected":false},"author":1,"featured_media":0,"parent":0,"menu_order":0,"comment_status":"closed","ping_status":"closed","template":"","meta":{"site-sidebar-layout":"default","site-content-layout":"","ast-site-content-layout":"default","site-content-style":"default","site-sidebar-style":"default","ast-global-header-display":"","ast-banner-title-visibility":"","ast-main-header-display":"","ast-hfb-above-header-display":"","ast-hfb-below-header-display":"","ast-hfb-mobile-header-display":"","site-post-title":"","ast-breadcrumbs-content":"","ast-featured-img":"","footer-sml-layout":"","ast-disable-related-posts":"","theme-transparent-header-meta":"","adv-header-id-meta":"","stick-header-meta":"","header-above-stick-meta":"","header-main-stick-meta":"","header-below-stick-meta":"","astra-migrate-meta-layouts":"default","ast-page-background-enabled":"default","ast-page-background-meta":{"desktop":{"background-color":"var(--ast-global-color-5)","background-image":"","background-repeat":"repeat","background-position":"center center","background-size":"auto","background-attachment":"scroll","background-type":"","background-media":"","overlay-type":"","overlay-color":"","overlay-opacity":"","overlay-gradient":""},"tablet":{"background-color":"","background-image":"","background-repeat":"repeat","background-position":"center center","background-size":"auto","background-attachment":"scroll","background-type":"","background-media":"","overlay-type":"","overlay-color":"","overlay-opacity":"","overlay-gradient":""},"mobile":{"background-color":"","background-image":"","background-repeat":"repeat","background-position":"center center","background-size":"auto","background-attachment":"scroll","background-type":"","background-media":"","overlay-type":"","overlay-color":"","overlay-opacity":"","overlay-gradient":""}},"ast-content-background-meta":{"desktop":{"background-color":"var(--ast-global-color-4)","background-image":"","background-repeat":"repeat","background-position":"center center","background-size":"auto","background-attachment":"scroll","background-type":"","background-media":"","overlay-type":"","overlay-color":"","overlay-opacity":"","overlay-gradient":""},"tablet":{"background-color":"var(--ast-global-color-4)","background-image":"","background-repeat":"repeat","background-position":"center center","background-size":"auto","background-attachment":"scroll","background-type":"","background-media":"","overlay-type":"","overlay-color":"","overlay-opacity":"","overlay-gradient":""},"mobile":{"background-color":"var(--ast-global-color-4)","background-image":"","background-repeat":"repeat","background-position":"center center","background-size":"auto","background-attachment":"scroll","background-type":"","background-media":"","overlay-type":"","overlay-color":"","overlay-opacity":"","overlay-gradient":""}},"footnotes":""},"class_list":["post-111","page","type-page","status-publish","hentry"],"_links":{"self":[{"href":"https:\/\/www.ddgv.com\/index.php?rest_route=\/wp\/v2\/pages\/111","targetHints":{"allow":["GET"]}}],"collection":[{"href":"https:\/\/www.ddgv.com\/index.php?rest_route=\/wp\/v2\/pages"}],"about":[{"href":"https:\/\/www.ddgv.com\/index.php?rest_route=\/wp\/v2\/types\/page"}],"author":[{"embeddable":true,"href":"https:\/\/www.ddgv.com\/index.php?rest_route=\/wp\/v2\/users\/1"}],"replies":[{"embeddable":true,"href":"https:\/\/www.ddgv.com\/index.php?rest_route=%2Fwp%2Fv2%2Fcomments&post=111"}],"version-history":[{"count":9,"href":"https:\/\/www.ddgv.com\/index.php?rest_route=\/wp\/v2\/pages\/111\/revisions"}],"predecessor-version":[{"id":245,"href":"https:\/\/www.ddgv.com\/index.php?rest_route=\/wp\/v2\/pages\/111\/revisions\/245"}],"wp:attachment":[{"href":"https:\/\/www.ddgv.com\/index.php?rest_route=%2Fwp%2Fv2%2Fmedia&parent=111"}],"curies":[{"name":"wp","href":"https:\/\/api.w.org\/{rel}","templated":true}]}}